{"id":969,"date":"2020-11-23T11:29:56","date_gmt":"2020-11-23T10:29:56","guid":{"rendered":"https:\/\/www.covatalladadenia.com\/comment-se-rendre-a-cova-tallada\/"},"modified":"2024-07-22T12:34:05","modified_gmt":"2024-07-22T10:34:05","slug":"comment-se-rendre-a-cova-tallada","status":"publish","type":"page","link":"https:\/\/www.covatalladadenia.com\/fr\/comment-se-rendre-a-cova-tallada\/","title":{"rendered":"Comment se rendre \u00e0 Cova Tallada"},"content":{"rendered":"<p>[vc_row][vc_column]<div id=\"ultimate-heading-956369e738f8c5e26\" class=\"uvc-heading ult-adjust-bottom-margin ultimate-heading-956369e738f8c5e26 uvc-5089  uvc-heading-default-font-sizes\" data-hspacer=\"no_spacer\"  data-halign=\"left\" style=\"text-align:left\"><div class=\"uvc-heading-spacer no_spacer\" style=\"top\"><\/div><div class=\"uvc-sub-heading ult-responsive\"  data-ultimate-target='.uvc-heading.ultimate-heading-956369e738f8c5e26 .uvc-sub-heading '  data-responsive-json-new='{\"font-size\":\"\",\"line-height\":\"\"}'  style=\"font-weight:normal;\"><\/p>\n<p style=\"text-align: justify;\"><span style=\"font-weight: 400;\">Si vous voulez savoir comment vous rendre \u00e0 la Cova Tallada, sachez que vous pouvez y acc\u00e9der de deux mani\u00e8res diff\u00e9rentes. Vous pouvez atteindre le <\/span><a href=\"https:\/\/www.covatalladadenia.com\/kayak\/\"><span style=\"font-weight: 400;\">Cova tallada en kayak<\/span><\/a><span style=\"font-weight: 400;\"> ou vous pouvez marcher. Les deux d\u00e9parts se font depuis la zone des Rotes, dans la rue V\u00eda L\u00e1ctea, dans la zone du Restaurante Mena et de Ca Nano.<\/span><\/p>\n<p style=\"text-align: justify;\"><span style=\"font-weight: 400;\">Cependant, pour acc\u00e9der <strong>\u00e0 la zone d&rsquo;acc\u00e8s \u00e0 la Cova Tallada, il est possible de se rendre en voiture ou en transport public depuis Denia<\/strong>, bien que la fr\u00e9quence ne soit pas tr\u00e8s \u00e9lev\u00e9e<\/span><span style=\"font-weight: 400;\">. Une autre question que se posent de nombreuses personnes est de savoir si, lorsqu&rsquo;elles louent une excursion en kayak \u00e0 la Cova Tallada aupr\u00e8s d&rsquo;une entreprise agr\u00e9\u00e9e, celle-ci les transporte jusqu&rsquo;\u00e0 la zone de Las Rotas, car aucune entreprise n&rsquo;offre actuellement ce service de transport.<\/span><\/p>\n<p><\/div><\/div>[\/vc_column][vc_column][vc_empty_space height=\u00a0\u00bb50px\u00a0\u00bb]<div id=\"ultimate-heading-100169e738f8c5eb9\" class=\"uvc-heading ult-adjust-bottom-margin ultimate-heading-100169e738f8c5eb9 uvc-7278  uvc-heading-default-font-sizes\" data-hspacer=\"no_spacer\"  data-halign=\"left\" style=\"text-align:left\"><div class=\"uvc-heading-spacer no_spacer\" style=\"top\"><\/div><div class=\"uvc-main-heading ult-responsive\"  data-ultimate-target='.uvc-heading.ultimate-heading-100169e738f8c5eb9 h2'  data-responsive-json-new='{\"font-size\":\"\",\"line-height\":\"\"}' ><h2 style=\"--font-weight:theme;\">Comment se rendre \u00e0 Cova Tallada ?<\/h2><\/div><div class=\"uvc-sub-heading ult-responsive\"  data-ultimate-target='.uvc-heading.ultimate-heading-100169e738f8c5eb9 .uvc-sub-heading '  data-responsive-json-new='{\"font-size\":\"\",\"line-height\":\"\"}'  style=\"font-weight:normal;\"><\/p>\n<p style=\"text-align: justify;\"><span style=\"font-weight: 400;\">Si vous voulez savoir comment vous rendre \u00e0 la Cova Tallada en voiture, sachez que vous pouvez rouler environ un kilom\u00e8tre avant la grotte elle-m\u00eame. Le dernier kilom\u00e8tre est un sentier de montagne d&rsquo;environ 1,2 km de difficult\u00e9 moyenne.<\/span><\/p>\n<p style=\"text-align: justify;\"><span style=\"font-weight: 400;\">Cependant, <strong>vous pouvez rejoindre la Cova Tallada en voiture jusqu&rsquo;\u00e0 la rue Via Milky Way \u00e0 Denia<\/strong>, \u00e0 la fin de la zone de Rotes. Vous y trouverez un parking o\u00f9 vous pourrez laisser votre voiture et commencer la route vers la Cova Tallada.<\/span><\/p>\n<p><\/div><\/div>[vc_single_image image=\u00a0\u00bb171&Prime; img_size=\u00a0\u00bbfull\u00a0\u00bb][\/vc_column][\/vc_row][vc_row][vc_column]<div id=\"ultimate-heading-628869e738f8c5f22\" class=\"uvc-heading ult-adjust-bottom-margin ultimate-heading-628869e738f8c5f22 uvc-8070  uvc-heading-default-font-sizes\" data-hspacer=\"no_spacer\"  data-halign=\"left\" style=\"text-align:left\"><div class=\"uvc-heading-spacer no_spacer\" style=\"top\"><\/div><div class=\"uvc-main-heading ult-responsive\"  data-ultimate-target='.uvc-heading.ultimate-heading-628869e738f8c5f22 h2'  data-responsive-json-new='{\"font-size\":\"\",\"line-height\":\"\"}' ><h2 style=\"--font-weight:theme;\">Comment se rendre \u00e0 la grotte sculpt\u00e9e en voiture<\/h2><\/div><div class=\"uvc-sub-heading ult-responsive\"  data-ultimate-target='.uvc-heading.ultimate-heading-628869e738f8c5f22 .uvc-sub-heading '  data-responsive-json-new='{\"font-size\":\"\",\"line-height\":\"\"}'  style=\"font-weight:normal;\"><span style=\"font-weight: 400;\">Si vous voulez savoir comment vous rendre \u00e0 la Cova Tallada en voiture, sachez que vous pouvez rouler environ un kilom\u00e8tre avant la grotte elle-m\u00eame. Le dernier kilom\u00e8tre est un sentier de montagne d&rsquo;environ 1,2 km de difficult\u00e9 moyenne.<\/span><\/p>\n<p>&nbsp;<\/p>\n<p><span style=\"font-weight: 400;\">Cependant, <strong>vous pouvez acc\u00e9der \u00e0 la Cova Tallada en voiture jusqu&rsquo;\u00e0 la rue Via L\u00e1ctea \u00e0 Denia, \u00e0 la fin de la zone de Rotes..<\/strong> Vous y trouverez un parking o\u00f9 vous pourrez laisser votre voiture et commencer la route vers la Cova Tallada.<\/span><\/div><\/div>[\/vc_column][\/vc_row][vc_row][vc_column][vc_empty_space height=\u00a0\u00bb50px\u00a0\u00bb]<div id=\"ultimate-heading-138769e738f8c5f82\" class=\"uvc-heading ult-adjust-bottom-margin ultimate-heading-138769e738f8c5f82 uvc-2292  uvc-heading-default-font-sizes\" data-hspacer=\"no_spacer\"  data-halign=\"left\" style=\"text-align:left\"><div class=\"uvc-heading-spacer no_spacer\" style=\"top\"><\/div><div class=\"uvc-main-heading ult-responsive\"  data-ultimate-target='.uvc-heading.ultimate-heading-138769e738f8c5f82 h2'  data-responsive-json-new='{\"font-size\":\"\",\"line-height\":\"\"}' ><h2 style=\"--font-weight:theme;\">Carte de la Cova Tallada<\/h2><\/div><div class=\"uvc-sub-heading ult-responsive\"  data-ultimate-target='.uvc-heading.ultimate-heading-138769e738f8c5f82 .uvc-sub-heading '  data-responsive-json-new='{\"font-size\":\"\",\"line-height\":\"\"}'  style=\"font-weight:normal;\"><span style=\"font-weight: 400;\">Si vous voulez conna\u00eetre exactement la carte de la Cova Tallada, afin de savoir comment vous rendre \u00e0 la Cova Tallada, que ce soit \u00e0 pied ou en kayak.<\/span><\/div><\/div>[vc_empty_space height=\u00a0\u00bb50px\u00a0\u00bb][vc_gmaps link=\u00a0\u00bb#E-8_JTNDaWZyYW1lJTIwc3JjJTNEJTIyaHR0cHMlM0ElMkYlMkZ3d3cuZ29vZ2xlLmNvbSUyRm1hcHMlMkZlbWJlZCUzRnBiJTNEJTIxMW0xNCUyMTFtOCUyMTFtMyUyMTFkMTI0MzQuNjA4NzcwMTUxMzUyJTIxMmQwLjE2NzM1NDElMjEzZDM4LjgxNzUyMiUyMTNtMiUyMTFpMTAyNCUyMTJpNzY4JTIxNGYxMy4xJTIxM20zJTIxMW0yJTIxMXMweDAlMjUzQTB4OWYyOTlkYzEyODJiZWNhNiUyMTJzQ292YSUyNTIwVGFsbGFkYSUyMTVlMCUyMTNtMiUyMTFzZXMlMjEyc2VzJTIxNHYxNjA2MTMwNzUxMDkyJTIxNW0yJTIxMXNlcyUyMTJzZXMlMjIlMjB3aWR0aCUzRCUyMjUwMCUyMiUyMGhlaWdodCUzRCUyMjM1MCUyMiUyMGZyYW1lYm9yZGVyJTNEJTIyMCUyMiUyMHN0eWxlJTNEJTIyYm9yZGVyJTNBMCUzQiUyMiUyMGFsbG93ZnVsbHNjcmVlbiUzRCUyMiUyMiUyMGFyaWEtaGlkZGVuJTNEJTIyZmFsc2UlMjIlMjB0YWJpbmRleCUzRCUyMjAlMjIlM0UlM0MlMkZpZnJhbWUlM0U=\u00a0\u00bb][\/vc_column][\/vc_row][vc_row][vc_column]<div id=\"ultimate-heading-361269e738f8c5fed\" class=\"uvc-heading ult-adjust-bottom-margin ultimate-heading-361269e738f8c5fed uvc-7504  uvc-heading-default-font-sizes\" data-hspacer=\"no_spacer\"  data-halign=\"center\" style=\"text-align:center\"><div class=\"uvc-heading-spacer no_spacer\" style=\"top\"><\/div><div class=\"uvc-main-heading ult-responsive\"  data-ultimate-target='.uvc-heading.ultimate-heading-361269e738f8c5fed h2'  data-responsive-json-new='{\"font-size\":\"\",\"line-height\":\"\"}' ><h2 style=\"--font-weight:theme;\">Autres activit\u00e9s dans la Cova Tallada<\/h2><\/div><\/div>[\/vc_column][\/vc_row][vc_row][vc_column width=\u00a0\u00bb1\/3&Prime;][vc_single_image image=\u00a0\u00bb562&Prime; img_size=\u00a0\u00bbfull\u00a0\u00bb alignment=\u00a0\u00bbcenter\u00a0\u00bb onclick=\u00a0\u00bbcustom_link\u00a0\u00bb link=\u00a0\u00bbhttps:\/\/marinalia.es\/deporte-y-aventura\/excursiones-en-el-mar\/excursiones-en-barco\/1099-tour-barco-cova-tallada-con-comida.html\u00a0\u00bb][\/vc_column][vc_column width=\u00a0\u00bb1\/3&Prime;][vc_single_image image=\u00a0\u00bb561&Prime; img_size=\u00a0\u00bbfull\u00a0\u00bb alignment=\u00a0\u00bbcenter\u00a0\u00bb onclick=\u00a0\u00bbcustom_link\u00a0\u00bb link=\u00a0\u00bbhttps:\/\/marinalia.es\/deporte-y-aventura\/excursiones-en-el-mar\/atardecer-barco\/1098-atardecer-en-barco-a-la-cova-tallada.html\u00a0\u00bb][\/vc_column][vc_column width=\u00a0\u00bb1\/3&Prime;][vc_single_image image=\u00a0\u00bb560&Prime; img_size=\u00a0\u00bbfull\u00a0\u00bb alignment=\u00a0\u00bbcenter\u00a0\u00bb onclick=\u00a0\u00bbcustom_link\u00a0\u00bb link=\u00a0\u00bbhttps:\/\/marinalia.es\/actividades-denia\/cova-tallada\/1061-visita-a-la-cova-tallada-en-barco.html\u00a0\u00bb][\/vc_column][\/vc_row]<\/p>\n","protected":false},"excerpt":{"rendered":"<p>[vc_row][vc_column][\/vc_column][vc_column][vc_empty_space height=\u00a0\u00bb50px\u00a0\u00bb][vc_single_image image=\u00a0\u00bb171&Prime; img_size=\u00a0\u00bbfull\u00a0\u00bb][\/vc_column][\/vc_row][vc_row][vc_column][\/vc_column][\/vc_row][vc_row][vc_column][vc_empty_space height=\u00a0\u00bb50px\u00a0\u00bb][vc_empty_space height=\u00a0\u00bb50px\u00a0\u00bb][vc_gmaps link=\u00a0\u00bb#E-8_JTNDaWZyYW1lJTIwc3JjJTNEJTIyaHR0cHMlM0ElMkYlMkZ3d3cuZ29vZ2xlLmNvbSUyRm1hcHMlMkZlbWJlZCUzRnBiJTNEJTIxMW0xNCUyMTFtOCUyMTFtMyUyMTFkMTI0MzQuNjA4NzcwMTUxMzUyJTIxMmQwLjE2NzM1NDElMjEzZDM4LjgxNzUyMiUyMTNtMiUyMTFpMTAyNCUyMTJpNzY4JTIxNGYxMy4xJTIxM20zJTIxMW0yJTIxMXMweDAlMjUzQTB4OWYyOTlkYzEyODJiZWNhNiUyMTJzQ292YSUyNTIwVGFsbGFkYSUyMTVlMCUyMTNtMiUyMTFzZXMlMjEyc2VzJTIxNHYxNjA2MTMwNzUxMDkyJTIxNW0yJTIxMXNlcyUyMTJzZXMlMjIlMjB3aWR0aCUzRCUyMjUwMCUyMiUyMGhlaWdodCUzRCUyMjM1MCUyMiUyMGZyYW1lYm9yZGVyJTNEJTIyMCUyMiUyMHN0eWxlJTNEJTIyYm9yZGVyJTNBMCUzQiUyMiUyMGFsbG93ZnVsbHNjcmVlbiUzRCUyMiUyMiUyMGFyaWEtaGlkZGVuJTNEJTIyZmFsc2UlMjIlMjB0YWJpbmRleCUzRCUyMjAlMjIlM0UlM0MlMkZpZnJhbWUlM0U=\u00a0\u00bb][\/vc_column][\/vc_row][vc_row][vc_column][\/vc_column][\/vc_row][vc_row][vc_column width=\u00a0\u00bb1\/3&Prime;][vc_single_image image=\u00a0\u00bb562&Prime; img_size=\u00a0\u00bbfull\u00a0\u00bb alignment=\u00a0\u00bbcenter\u00a0\u00bb onclick=\u00a0\u00bbcustom_link\u00a0\u00bb link=\u00a0\u00bbhttps:\/\/marinalia.es\/deporte-y-aventura\/excursiones-en-el-mar\/excursiones-en-barco\/1099-tour-barco-cova-tallada-con-comida.html\u00a0\u00bb][\/vc_column][vc_column width=\u00a0\u00bb1\/3&Prime;][vc_single_image image=\u00a0\u00bb561&Prime; img_size=\u00a0\u00bbfull\u00a0\u00bb alignment=\u00a0\u00bbcenter\u00a0\u00bb onclick=\u00a0\u00bbcustom_link\u00a0\u00bb link=\u00a0\u00bbhttps:\/\/marinalia.es\/deporte-y-aventura\/excursiones-en-el-mar\/atardecer-barco\/1098-atardecer-en-barco-a-la-cova-tallada.html\u00a0\u00bb][\/vc_column][vc_column width=\u00a0\u00bb1\/3&Prime;][vc_single_image image=\u00a0\u00bb560&Prime; img_size=\u00a0\u00bbfull\u00a0\u00bb alignment=\u00a0\u00bbcenter\u00a0\u00bb onclick=\u00a0\u00bbcustom_link\u00a0\u00bb link=\u00a0\u00bbhttps:\/\/marinalia.es\/actividades-denia\/cova-tallada\/1061-visita-a-la-cova-tallada-en-barco.html\u00a0\u00bb][\/vc_column][\/vc_row]<\/p>\n","protected":false},"author":1,"featured_media":630,"parent":0,"menu_order":0,"comment_status":"closed","ping_status":"closed","template":"","meta":{"_joinchat":[]},"class_list":["post-969","page","type-page","status-publish","has-post-thumbnail","hentry","description-off"],"_links":{"self":[{"href":"https:\/\/www.covatalladadenia.com\/fr\/wp-json\/wp\/v2\/pages\/969","targetHints":{"allow":["GET"]}}],"collection":[{"href":"https:\/\/www.covatalladadenia.com\/fr\/wp-json\/wp\/v2\/pages"}],"about":[{"href":"https:\/\/www.covatalladadenia.com\/fr\/wp-json\/wp\/v2\/types\/page"}],"author":[{"embeddable":true,"href":"https:\/\/www.covatalladadenia.com\/fr\/wp-json\/wp\/v2\/users\/1"}],"replies":[{"embeddable":true,"href":"https:\/\/www.covatalladadenia.com\/fr\/wp-json\/wp\/v2\/comments?post=969"}],"version-history":[{"count":2,"href":"https:\/\/www.covatalladadenia.com\/fr\/wp-json\/wp\/v2\/pages\/969\/revisions"}],"predecessor-version":[{"id":971,"href":"https:\/\/www.covatalladadenia.com\/fr\/wp-json\/wp\/v2\/pages\/969\/revisions\/971"}],"wp:featuredmedia":[{"embeddable":true,"href":"https:\/\/www.covatalladadenia.com\/fr\/wp-json\/wp\/v2\/media\/630"}],"wp:attachment":[{"href":"https:\/\/www.covatalladadenia.com\/fr\/wp-json\/wp\/v2\/media?parent=969"}],"curies":[{"name":"wp","href":"https:\/\/api.w.org\/{rel}","templated":true}]}}