{"id":1010,"date":"2020-11-23T12:11:19","date_gmt":"2020-11-23T11:11:19","guid":{"rendered":"https:\/\/www.covatalladadenia.com\/cova-tallada-denia\/"},"modified":"2024-07-23T10:25:30","modified_gmt":"2024-07-23T08:25:30","slug":"cova-tallada-denia","status":"publish","type":"page","link":"https:\/\/www.covatalladadenia.com\/fr\/cova-tallada-denia\/","title":{"rendered":"Cova Tallada D\u00e9nia"},"content":{"rendered":"<p>[vc_row][vc_column]<div id=\"ultimate-heading-728769e73967b97e3\" class=\"uvc-heading ult-adjust-bottom-margin ultimate-heading-728769e73967b97e3 uvc-5655  uvc-heading-default-font-sizes\" data-hspacer=\"no_spacer\"  data-halign=\"left\" style=\"text-align:left\"><div class=\"uvc-heading-spacer no_spacer\" style=\"top\"><\/div><div class=\"uvc-main-heading ult-responsive\"  data-ultimate-target='.uvc-heading.ultimate-heading-728769e73967b97e3 h2'  data-responsive-json-new='{\"font-size\":\"\",\"line-height\":\"\"}' ><h2 style=\"--font-weight:theme;\">\u00c0 quoi ressemble la grotte sculpt\u00e9e de Denia ?<\/h2><\/div><div class=\"uvc-sub-heading ult-responsive\"  data-ultimate-target='.uvc-heading.ultimate-heading-728769e73967b97e3 .uvc-sub-heading '  data-responsive-json-new='{\"font-size\":\"\",\"line-height\":\"\"}'  style=\"font-weight:normal;\"><\/p>\n<p style=\"text-align: justify;\"><span style=\"font-weight: 400;\">La cova Tallada ou grotte sculpt\u00e9e de D\u00e9nia est l&rsquo;une des zones les plus impressionnantes de la Costa Blanca. Sa signification en espagnol est \u00ab\u00a0Cueva Cortada\u00a0\u00bb. Savez-vous pourquoi elle porte ce nom ? Eh bien, parce qu&rsquo;aux XIIe et XIVe si\u00e8cles, les roches ont \u00e9t\u00e9 extraites de cette zone pour construire les b\u00e2timents les plus embl\u00e9matiques de D\u00e9nia et de J\u00e1vea.  <\/span><\/p>\n<p style=\"text-align: justify;\"><span style=\"font-weight: 400;\">Les travaux ont \u00e9t\u00e9 si importants qu&rsquo;aujourd&rsquo;hui, lorsque vous arrivez \u00e0 la grotte, apr\u00e8s avoir d\u00e9couvert sa piscine naturelle, vous pouvez entrer dans la grotte (elle se trouve au-dessus du niveau de la mer) et faire de la sp\u00e9l\u00e9ologie \u00e0 l&rsquo;int\u00e9rieur. Nous vous recommandons de porter des chaussures adapt\u00e9es (sandales ou chaussons si vous arrivez en kayak ou chaussures de randonn\u00e9e si vous faites le parcours \u00e0 pied).<\/p>\n<p> <\/span><\/p>\n<p><\/div><\/div>[vc_video link=\u00a0\u00bbhttps:\/\/youtu.be\/iR57OMKLqVI\u00a0\u00bb align=\u00a0\u00bbcenter\u00a0\u00bb][vc_empty_space height=\u00a0\u00bb50px\u00a0\u00bb][\/vc_column][\/vc_row][vc_row][vc_column]<div id=\"ultimate-heading-953369e73967b9899\" class=\"uvc-heading ult-adjust-bottom-margin ultimate-heading-953369e73967b9899 uvc-934  uvc-heading-default-font-sizes\" data-hspacer=\"no_spacer\"  data-halign=\"left\" style=\"text-align:left\"><div class=\"uvc-heading-spacer no_spacer\" style=\"top\"><\/div><div class=\"uvc-main-heading ult-responsive\"  data-ultimate-target='.uvc-heading.ultimate-heading-953369e73967b9899 h2'  data-responsive-json-new='{\"font-size\":\"\",\"line-height\":\"\"}' ><h2 style=\"--font-weight:theme;\">Comment se rendre \u00e0 la grotte sculpt\u00e9e depuis Denia<\/h2><\/div><div class=\"uvc-sub-heading ult-responsive\"  data-ultimate-target='.uvc-heading.ultimate-heading-953369e73967b9899 .uvc-sub-heading '  data-responsive-json-new='{\"font-size\":\"\",\"line-height\":\"\"}'  style=\"font-weight:normal;\"><\/p>\n<p style=\"text-align: justify;\"><span style=\"font-weight: 400;\">On peut acc\u00e9der \u00e0 la Cova Tallada depuis Denia et depuis J\u00e1vea. Cependant, il est vrai que le chemin le plus court pour acc\u00e9der \u00e0 la grotte est de Denia, c&rsquo;est pourquoi il suffit d&rsquo;arriver \u00e0 Denia, puis de se diriger vers le sud, dans les Rotes, jusqu&rsquo;\u00e0 la rue Via Lactea. L\u00e0, vous verrez un parking o\u00f9 vous pourrez vous garer et o\u00f9 est indiqu\u00e9 le d\u00e9but du sentier d&rsquo;environ 1 kilom\u00e8tre qui m\u00e8ne \u00e0 la Cova Tallada.<\/p>\n<p>  <\/span><\/p>\n<p><\/div><\/div>[vc_single_image image=\u00a0\u00bb171&Prime; img_size=\u00a0\u00bbfull\u00a0\u00bb alignment=\u00a0\u00bbcenter\u00a0\u00bb][vc_empty_space height=\u00a0\u00bb50px\u00a0\u00bb][\/vc_column][\/vc_row][vc_row][vc_column]<div id=\"ultimate-heading-442769e73967b991f\" class=\"uvc-heading ult-adjust-bottom-margin ultimate-heading-442769e73967b991f uvc-3872  uvc-heading-default-font-sizes\" data-hspacer=\"no_spacer\"  data-halign=\"left\" style=\"text-align:left\"><div class=\"uvc-heading-spacer no_spacer\" style=\"top\"><\/div><div class=\"uvc-main-heading ult-responsive\"  data-ultimate-target='.uvc-heading.ultimate-heading-442769e73967b991f h2'  data-responsive-json-new='{\"font-size\":\"\",\"line-height\":\"\"}' ><h2 style=\"--font-weight:theme;\">Itin\u00e9raire vers la grotte sculpt\u00e9e depuis Denia<\/h2><\/div><div class=\"uvc-sub-heading ult-responsive\"  data-ultimate-target='.uvc-heading.ultimate-heading-442769e73967b991f .uvc-sub-heading '  data-responsive-json-new='{\"font-size\":\"\",\"line-height\":\"\"}'  style=\"font-weight:normal;\"><\/p>\n<p style=\"text-align: justify;\"><span style=\"font-weight: 400;\">Vous aimez la montagne et la mer ? Dans ce cas, vous adorerez l&rsquo;itin\u00e9raire menant \u00e0 la cova tallada depuis Denia, car il se d\u00e9roule sur la zone des falaises de la r\u00e9serve marine de Sant Antoni. Il n&rsquo;y a qu&rsquo;un seul acc\u00e8s \u00e0 la grotte, mais c&rsquo;est de D\u00e9nia que l&rsquo;on acc\u00e8de au d\u00e9part de la route de montagne. Cette route est situ\u00e9e \u00e0 la fin de la zone des Rotes, il suffit donc d&rsquo;arriver \u00e0 Denia et de se rendre \u00e0 la fin de la zone des Rotes, exactement \u00e0 la rue Via Lactea.<\/p>\n<p>   <\/span><\/p>\n<p><\/div><\/div>[vc_single_image image=\u00a0\u00bb172&Prime; img_size=\u00a0\u00bbfull\u00a0\u00bb][vc_empty_space height=\u00a0\u00bb50px\u00a0\u00bb][vc_single_image image=\u00a0\u00bb611&Prime; img_size=\u00a0\u00bbfull\u00a0\u00bb onclick=\u00a0\u00bbcustom_link\u00a0\u00bb link=\u00a0\u00bbhttps:\/\/marinalia.es\/deporte-y-aventura\/excursiones-en-el-mar\/excursiones-en-kayak\/1203-excursion-a-la-cova-tallada-kayak-denia.html\u00a0\u00bb][\/vc_column][\/vc_row][vc_row][vc_column]<div id=\"ultimate-heading-635469e73967b99b3\" class=\"uvc-heading ult-adjust-bottom-margin ultimate-heading-635469e73967b99b3 uvc-2069  uvc-heading-default-font-sizes\" data-hspacer=\"no_spacer\"  data-halign=\"left\" style=\"text-align:left\"><div class=\"uvc-heading-spacer no_spacer\" style=\"top\"><\/div><div class=\"uvc-main-heading ult-responsive\"  data-ultimate-target='.uvc-heading.ultimate-heading-635469e73967b99b3 h3'  data-responsive-json-new='{\"font-size\":\"\",\"line-height\":\"\"}' ><h3 style=\"--font-weight:theme;\">Quels sont les restaurants qui se trouvent dans la Cova Tallada Denia ?<\/h3><\/div><div class=\"uvc-sub-heading ult-responsive\"  data-ultimate-target='.uvc-heading.ultimate-heading-635469e73967b99b3 .uvc-sub-heading '  data-responsive-json-new='{\"font-size\":\"\",\"line-height\":\"\"}'  style=\"font-weight:normal;\"><span style=\"font-weight: 400;\">La cova Tallada est situ\u00e9e dans la zone des Rotes \u00e0 D\u00e9nia, ce qui explique que l&rsquo;on y trouve plusieurs restaurants r\u00e9put\u00e9s pour leur gastronomie, leurs vues et leur environnement.<\/span><\/p>\n<p style=\"text-align: justify;\"><span style=\"font-weight: 400;\">Le restaurant Mena est un classique de la gastronomie de D\u00e9nia. Depuis 1959, il propose la meilleure version de la gastronomie m\u00e9diterran\u00e9enne. Ses plats de riz, ses fruits de mer et son poisson frais font de cet endroit un lieu incontournable pour tous les amateurs de cette cuisine.  <\/span><\/p>\n<p><\/div><\/div>[vc_single_image image=\u00a0\u00bb169&Prime; img_size=\u00a0\u00bbfull\u00a0\u00bb]<div id=\"ultimate-heading-531669e73967b9a25\" class=\"uvc-heading ult-adjust-bottom-margin ultimate-heading-531669e73967b9a25 uvc-8792  uvc-heading-default-font-sizes\" data-hspacer=\"no_spacer\"  data-halign=\"left\" style=\"text-align:left\"><div class=\"uvc-heading-spacer no_spacer\" style=\"top\"><\/div><div class=\"uvc-sub-heading ult-responsive\"  data-ultimate-target='.uvc-heading.ultimate-heading-531669e73967b9a25 .uvc-sub-heading '  data-responsive-json-new='{\"font-size\":\"\",\"line-height\":\"\"}'  style=\"font-weight:normal;\"><span style=\"font-weight: 400;\">Vous pouvez \u00e9galement manger pr\u00e8s de la grotte sculpt\u00e9e de Denia dans le restaurant Ca Nano, l&rsquo;un des restaurants offrant les meilleures vues de Denia. Vous pourrez \u00e9galement y d\u00e9guster des plats de riz typiques de la r\u00e9gion, du poisson frais ou des tapas de notre cuisine m\u00e9diterran\u00e9enne. <\/span><\/div><\/div>[vc_single_image image=\u00a0\u00bb611&Prime; img_size=\u00a0\u00bbfull\u00a0\u00bb onclick=\u00a0\u00bbcustom_link\u00a0\u00bb link=\u00a0\u00bbhttps:\/\/marinalia.es\/deporte-y-aventura\/excursiones-en-el-mar\/excursiones-en-kayak\/1203-excursion-a-la-cova-tallada-kayak-denia.html\u00a0\u00bb][vc_empty_space height=\u00a0\u00bb50px\u00a0\u00bb][vc_single_image image=\u00a0\u00bb170&Prime; img_size=\u00a0\u00bbfull\u00a0\u00bb alignment=\u00a0\u00bbcenter\u00a0\u00bb][vc_empty_space height=\u00a0\u00bb50px\u00a0\u00bb][\/vc_column][\/vc_row][vc_row][vc_column]<div id=\"ultimate-heading-758869e73967b9a80\" class=\"uvc-heading ult-adjust-bottom-margin ultimate-heading-758869e73967b9a80 uvc-2407  uvc-heading-default-font-sizes\" data-hspacer=\"no_spacer\"  data-halign=\"left\" style=\"text-align:left\"><div class=\"uvc-heading-spacer no_spacer\" style=\"top\"><\/div><div class=\"uvc-main-heading ult-responsive\"  data-ultimate-target='.uvc-heading.ultimate-heading-758869e73967b9a80 h2'  data-responsive-json-new='{\"font-size\":\"\",\"line-height\":\"\"}' ><h2 style=\"--font-weight:theme;\">O\u00f9 se loger pour aller \u00e0 la grotte sculpt\u00e9e de Denia<\/h2><\/div><div class=\"uvc-sub-heading ult-responsive\"  data-ultimate-target='.uvc-heading.ultimate-heading-758869e73967b9a80 .uvc-sub-heading '  data-responsive-json-new='{\"font-size\":\"\",\"line-height\":\"\"}'  style=\"font-weight:normal;\"><\/p>\n<p style=\"text-align: justify;\"><span style=\"font-weight: 400;\">Dans la zone de la Cova Tallada, nous pouvons trouver une grande vari\u00e9t\u00e9 de logements, car la grotte est situ\u00e9e entre D\u00e9nia et J\u00e1vea, ce qui nous donne la possibilit\u00e9 de trouver tous les types de logements en fonction de nos besoins. Actuellement, vous pouvez trouver des logements dans des appartements, des villas, des h\u00f4tels ou des maisons. <\/span><\/p>\n<p><\/div><\/div>[vc_empty_space height=\u00a0\u00bb50px\u00a0\u00bb][\/vc_column][\/vc_row][vc_row][vc_column]<div id=\"ultimate-heading-625269e73967b9ada\" class=\"uvc-heading ult-adjust-bottom-margin ultimate-heading-625269e73967b9ada uvc-2675  uvc-heading-default-font-sizes\" data-hspacer=\"no_spacer\"  data-halign=\"left\" style=\"text-align:left\"><div class=\"uvc-heading-spacer no_spacer\" style=\"top\"><\/div><div class=\"uvc-main-heading ult-responsive\"  data-ultimate-target='.uvc-heading.ultimate-heading-625269e73967b9ada h3'  data-responsive-json-new='{\"font-size\":\"\",\"line-height\":\"\"}' ><h3 style=\"--font-weight:theme;\">Autres options pour voir la Cova Tallada<\/h3><\/div><\/div>[vc_empty_space height=\u00a0\u00bb50px\u00a0\u00bb][\/vc_column][\/vc_row][vc_row][vc_column width=\u00a0\u00bb1\/3&Prime;][vc_single_image image=\u00a0\u00bb562&Prime; img_size=\u00a0\u00bbfull\u00a0\u00bb alignment=\u00a0\u00bbcenter\u00a0\u00bb onclick=\u00a0\u00bbcustom_link\u00a0\u00bb link=\u00a0\u00bbhttps:\/\/marinalia.es\/deporte-y-aventura\/excursiones-en-el-mar\/excursiones-en-barco\/1099-tour-barco-cova-tallada-con-comida.html\u00a0\u00bb][\/vc_column][vc_column width=\u00a0\u00bb1\/3&Prime;][vc_single_image image=\u00a0\u00bb561&Prime; img_size=\u00a0\u00bbfull\u00a0\u00bb alignment=\u00a0\u00bbcenter\u00a0\u00bb onclick=\u00a0\u00bbcustom_link\u00a0\u00bb link=\u00a0\u00bbhttps:\/\/marinalia.es\/deporte-y-aventura\/excursiones-en-el-mar\/atardecer-barco\/1098-atardecer-en-barco-a-la-cova-tallada.html\u00a0\u00bb][\/vc_column][vc_column width=\u00a0\u00bb1\/3&Prime;][vc_single_image image=\u00a0\u00bb560&Prime; img_size=\u00a0\u00bbfull\u00a0\u00bb alignment=\u00a0\u00bbcenter\u00a0\u00bb onclick=\u00a0\u00bbcustom_link\u00a0\u00bb link=\u00a0\u00bbhttps:\/\/marinalia.es\/actividades-denia\/cova-tallada\/1061-visita-a-la-cova-tallada-en-barco.html\u00a0\u00bb][\/vc_column][\/vc_row][vc_row][vc_column]<div id=\"ultimate-heading-656969e73967b9b3f\" class=\"uvc-heading ult-adjust-bottom-margin ultimate-heading-656969e73967b9b3f uvc-4507  uvc-heading-default-font-sizes\" data-hspacer=\"no_spacer\"  data-halign=\"center\" style=\"text-align:center\"><div class=\"uvc-heading-spacer no_spacer\" style=\"top\"><\/div><div class=\"uvc-main-heading ult-responsive\"  data-ultimate-target='.uvc-heading.ultimate-heading-656969e73967b9b3f h1'  data-responsive-json-new='{\"font-size\":\"\",\"line-height\":\"\"}' ><h1 style=\"--font-weight:theme;\">Billets Cova Tallada<\/h1><\/div><\/div>[vc_column_text]<\/p>\n<p style=\"text-align: justify;\"><span style=\"font-weight: 400;\">Si vous envisagez de visiter la Cova Tallada \u00e0 Denia, il est important de savoir qu&rsquo;il existe des billets d&rsquo;entr\u00e9e pour y acc\u00e9der. La Cova Tallada est une grotte situ\u00e9e sur la c\u00f4te de Denia. C&rsquo;est un endroit tr\u00e8s populaire aupr\u00e8s des touristes et des habitants de la r\u00e9gion en raison de sa beaut\u00e9 naturelle et des vues imprenables qu&rsquo;elle offre.<\/span><\/p>\n<p style=\"text-align: justify;\"><span style=\"font-weight: 400;\">Comme vous l&rsquo;avez peut-\u00eatre lu dans notre section consacr\u00e9<\/span><span style=\"font-weight: 400;\"><a href=\"https:\/\/www.covatalladadenia.com\/fr\/reserve-de-cova-tallada\/\">e \u00e0 la r\u00e9servation d&rsquo;une visite \u00e0 la Cova Tallada<\/a><\/span><span style=\"font-weight: 400;\">Pour acc\u00e9der \u00e0 ce lieu magique situ\u00e9 entre D\u00e9nia et J\u00e1vea, vous n&rsquo;avez pas besoin de billet d&rsquo;entr\u00e9e, mais vous devez faire une r\u00e9servation. Les r\u00e9servations sont obligatoires \u00e0 certaines p\u00e9riodes de l&rsquo;ann\u00e9e, \u00e0 d&rsquo;autres p\u00e9riodes de l&rsquo;ann\u00e9e les r\u00e9servations ne sont pas n\u00e9cessaires. <\/span><\/p>\n<p>[\/vc_column_text][vc_single_image image=\u00a0\u00bb611&Prime; img_size=\u00a0\u00bbfull\u00a0\u00bb onclick=\u00a0\u00bbcustom_link\u00a0\u00bb link=\u00a0\u00bbhttps:\/\/marinalia.es\/deporte-y-aventura\/excursiones-en-el-mar\/excursiones-en-kayak\/1203-excursion-a-la-cova-tallada-kayak-denia.html\u00a0\u00bb]<div id=\"ultimate-heading-89769e73967b9b96\" class=\"uvc-heading ult-adjust-bottom-margin ultimate-heading-89769e73967b9b96 uvc-7696  uvc-heading-default-font-sizes\" data-hspacer=\"no_spacer\"  data-halign=\"center\" style=\"text-align:center\"><div class=\"uvc-heading-spacer no_spacer\" style=\"top\"><\/div><div class=\"uvc-main-heading ult-responsive\"  data-ultimate-target='.uvc-heading.ultimate-heading-89769e73967b9b96 h2'  data-responsive-json-new='{\"font-size\":\"\",\"line-height\":\"\"}' ><h2 style=\"--font-weight:theme;\">Les billets n\u00e9cessaires pour la Cova Tallada<\/h2><\/div><div class=\"uvc-sub-heading ult-responsive\"  data-ultimate-target='.uvc-heading.ultimate-heading-89769e73967b9b96 .uvc-sub-heading '  data-responsive-json-new='{\"font-size\":\"\",\"line-height\":\"\"}'  style=\"font-weight:normal;\"><\/p>\n<p style=\"text-align: justify;\"><span style=\"font-weight: 400;\">Si l&rsquo;on vous parle de billets pour la Cova Tallada, sachez qu&rsquo;ils ne sont pas n\u00e9cessaires, mais que la r\u00e9servation l&rsquo;est. Si l&rsquo;on vous parle de billets pour la Cova Tallada, sachez qu&rsquo;ils ne sont pas n\u00e9cessaires, mais que la r\u00e9servation l&rsquo;est. C&rsquo;est peut-\u00eatre un peu ennuyeux, mais c&rsquo;est une exigence obligatoire, car elle est r\u00e9glement\u00e9e par la r\u00e9solution du 1er mars 2022 et son but n&rsquo;est autre que de pr\u00e9server ce paysage naturel de la surpopulation. <\/span><\/p>\n<p style=\"text-align: justify;\"><span style=\"font-weight: 400;\">La meilleure fa\u00e7on de faire cette r\u00e9servation pour pouvoir acc\u00e9der et entrer dans la Cova Tallada est de participer \u00e0 l&rsquo;un des tours et<\/span> <a href=\"https:\/\/www.covatalladadenia.com\/fr\/ruta-kayak\/excursion-kayak-cova-tallada\/\"><span style=\"font-weight: 400;\">excursions en kayak \u00e0 la Cova Tallada, <\/span><\/a><span style=\"font-weight: 400;\">avec laquelle l&rsquo;entreprise elle-m\u00eame se chargera de g\u00e9rer l&rsquo;autorisation l\u00e9gale et vous partirez avec des guides pour profiter de ses recoins les plus secrets et les plus cach\u00e9s.<\/span> <\/p>\n<p style=\"text-align: justify;\"><span style=\"font-weight: 400;\">Les guides connaissent tr\u00e8s bien la grotte et peuvent vous parler de son histoire et de sa g\u00e9ologie, tout en vous indiquant les endroits les plus int\u00e9ressants et les plus beaux de la grotte. Les prix pour l&rsquo;engagement d&rsquo;un guide varient, mais s&rsquo;\u00e9chelonnent g\u00e9n\u00e9ralement de 15 \u00e0 60 euros par personne selon le type de visite souhait\u00e9e. Non seulement vous obtenez le permis avec l&rsquo;excursion en kayak, mais d&rsquo;autres activit\u00e9s \u00e0 la Cova Tallada viennent \u00e9galement avec le permis g\u00e9r\u00e9 et inclus, comme l&rsquo;excursion en bateau \u00e0 la Cova Tallada, la location d&rsquo;un bateau priv\u00e9, etc&#8230; D\u00e9couvrir <\/span><span style=\"font-weight: 400;\"><a href=\"https:\/\/www.covatalladadenia.com\/fr\/activites-dans-la-cova-tallada\/\">toutes les activit\u00e9s disponibles<\/a><\/span><span style=\"font-weight: 400;\"> pour profiter de ce tr\u00e9sor de la Costa Blanca.<\/span> <\/p>\n<p style=\"text-align: justify;\"><span style=\"font-weight: 400;\">En r\u00e9sum\u00e9, si vous souhaitez visiter la Cova Tallada \u00e0 Denia, vous n&rsquo;avez pas besoin d&rsquo;un billet d&rsquo;entr\u00e9e en tant que tel, mais vous devez obtenir et \u00eatre en possession d&rsquo;un permis de la Generalitat pour entrer dans la grotte. Besoin de plus d&rsquo;informations ? <\/span><\/p>\n<p><\/div><\/div>[\/vc_column][\/vc_row][vc_row][vc_column][\/vc_column][\/vc_row][vc_row][vc_column]<div id=\"ultimate-heading-737369e73967b9bf2\" class=\"uvc-heading ult-adjust-bottom-margin ultimate-heading-737369e73967b9bf2 uvc-9309  uvc-heading-default-font-sizes\" data-hspacer=\"no_spacer\"  data-halign=\"center\" style=\"text-align:center\"><div class=\"uvc-heading-spacer no_spacer\" style=\"top\"><\/div><div class=\"uvc-main-heading ult-responsive\"  data-ultimate-target='.uvc-heading.ultimate-heading-737369e73967b9bf2 h2'  data-responsive-json-new='{\"font-size\":\"\",\"line-height\":\"\"}' ><h2 style=\"--font-weight:theme;\">Autres activit\u00e9s dans la Cova Tallada<\/h2><\/div><\/div>[\/vc_column][\/vc_row][vc_row][vc_column width=\u00a0\u00bb1\/3&Prime;][vc_single_image image=\u00a0\u00bb562&Prime; img_size=\u00a0\u00bbfull\u00a0\u00bb alignment=\u00a0\u00bbcenter\u00a0\u00bb onclick=\u00a0\u00bbcustom_link\u00a0\u00bb link=\u00a0\u00bbhttps:\/\/marinalia.es\/deporte-y-aventura\/excursiones-en-el-mar\/excursiones-en-barco\/1099-tour-barco-cova-tallada-con-comida.html\u00a0\u00bb][\/vc_column][vc_column width=\u00a0\u00bb1\/3&Prime;][vc_single_image image=\u00a0\u00bb561&Prime; img_size=\u00a0\u00bbfull\u00a0\u00bb alignment=\u00a0\u00bbcenter\u00a0\u00bb onclick=\u00a0\u00bbcustom_link\u00a0\u00bb link=\u00a0\u00bbhttps:\/\/marinalia.es\/deporte-y-aventura\/excursiones-en-el-mar\/atardecer-barco\/1098-atardecer-en-barco-a-la-cova-tallada.html\u00a0\u00bb][\/vc_column][vc_column width=\u00a0\u00bb1\/3&Prime;][vc_single_image image=\u00a0\u00bb560&Prime; img_size=\u00a0\u00bbfull\u00a0\u00bb alignment=\u00a0\u00bbcenter\u00a0\u00bb onclick=\u00a0\u00bbcustom_link\u00a0\u00bb link=\u00a0\u00bbhttps:\/\/marinalia.es\/actividades-denia\/cova-tallada\/1061-visita-a-la-cova-tallada-en-barco.html\u00a0\u00bb][\/vc_column][\/vc_row]<\/p>\n","protected":false},"excerpt":{"rendered":"<p>[vc_row][vc_column][vc_video link=\u00a0\u00bbhttps:\/\/youtu.be\/iR57OMKLqVI\u00a0\u00bb align=\u00a0\u00bbcenter\u00a0\u00bb][vc_empty_space height=\u00a0\u00bb50px\u00a0\u00bb][\/vc_column][\/vc_row][vc_row][vc_column][vc_single_image image=\u00a0\u00bb171&Prime; img_size=\u00a0\u00bbfull\u00a0\u00bb alignment=\u00a0\u00bbcenter\u00a0\u00bb][vc_empty_space height=\u00a0\u00bb50px\u00a0\u00bb][\/vc_column][\/vc_row][vc_row][vc_column][vc_single_image image=\u00a0\u00bb172&Prime; img_size=\u00a0\u00bbfull\u00a0\u00bb][vc_empty_space height=\u00a0\u00bb50px\u00a0\u00bb][vc_single_image image=\u00a0\u00bb611&Prime; img_size=\u00a0\u00bbfull\u00a0\u00bb onclick=\u00a0\u00bbcustom_link\u00a0\u00bb link=\u00a0\u00bbhttps:\/\/marinalia.es\/deporte-y-aventura\/excursiones-en-el-mar\/excursiones-en-kayak\/1203-excursion-a-la-cova-tallada-kayak-denia.html\u00a0\u00bb][\/vc_column][\/vc_row][vc_row][vc_column][vc_single_image image=\u00a0\u00bb169&Prime; img_size=\u00a0\u00bbfull\u00a0\u00bb][vc_single_image image=\u00a0\u00bb611&Prime; img_size=\u00a0\u00bbfull\u00a0\u00bb onclick=\u00a0\u00bbcustom_link\u00a0\u00bb link=\u00a0\u00bbhttps:\/\/marinalia.es\/deporte-y-aventura\/excursiones-en-el-mar\/excursiones-en-kayak\/1203-excursion-a-la-cova-tallada-kayak-denia.html\u00a0\u00bb][vc_empty_space height=\u00a0\u00bb50px\u00a0\u00bb][vc_single_image image=\u00a0\u00bb170&Prime; img_size=\u00a0\u00bbfull\u00a0\u00bb alignment=\u00a0\u00bbcenter\u00a0\u00bb][vc_empty_space height=\u00a0\u00bb50px\u00a0\u00bb][\/vc_column][\/vc_row][vc_row][vc_column][vc_empty_space height=\u00a0\u00bb50px\u00a0\u00bb][\/vc_column][\/vc_row][vc_row][vc_column][vc_empty_space height=\u00a0\u00bb50px\u00a0\u00bb][\/vc_column][\/vc_row][vc_row][vc_column width=\u00a0\u00bb1\/3&Prime;][vc_single_image image=\u00a0\u00bb562&Prime; img_size=\u00a0\u00bbfull\u00a0\u00bb alignment=\u00a0\u00bbcenter\u00a0\u00bb onclick=\u00a0\u00bbcustom_link\u00a0\u00bb link=\u00a0\u00bbhttps:\/\/marinalia.es\/deporte-y-aventura\/excursiones-en-el-mar\/excursiones-en-barco\/1099-tour-barco-cova-tallada-con-comida.html\u00a0\u00bb][\/vc_column][vc_column width=\u00a0\u00bb1\/3&Prime;][vc_single_image image=\u00a0\u00bb561&Prime; img_size=\u00a0\u00bbfull\u00a0\u00bb alignment=\u00a0\u00bbcenter\u00a0\u00bb onclick=\u00a0\u00bbcustom_link\u00a0\u00bb link=\u00a0\u00bbhttps:\/\/marinalia.es\/deporte-y-aventura\/excursiones-en-el-mar\/atardecer-barco\/1098-atardecer-en-barco-a-la-cova-tallada.html\u00a0\u00bb][\/vc_column][vc_column width=\u00a0\u00bb1\/3&Prime;][vc_single_image image=\u00a0\u00bb560&Prime; img_size=\u00a0\u00bbfull\u00a0\u00bb alignment=\u00a0\u00bbcenter\u00a0\u00bb onclick=\u00a0\u00bbcustom_link\u00a0\u00bb link=\u00a0\u00bbhttps:\/\/marinalia.es\/actividades-denia\/cova-tallada\/1061-visita-a-la-cova-tallada-en-barco.html\u00a0\u00bb][\/vc_column][\/vc_row][vc_row][vc_column][vc_column_text] Si vous envisagez de visiter la Cova Tallada \u00e0&hellip;<\/p>\n","protected":false},"author":1,"featured_media":0,"parent":0,"menu_order":0,"comment_status":"closed","ping_status":"closed","template":"","meta":{"_joinchat":[]},"class_list":["post-1010","page","type-page","status-publish","hentry","description-off"],"_links":{"self":[{"href":"https:\/\/www.covatalladadenia.com\/fr\/wp-json\/wp\/v2\/pages\/1010","targetHints":{"allow":["GET"]}}],"collection":[{"href":"https:\/\/www.covatalladadenia.com\/fr\/wp-json\/wp\/v2\/pages"}],"about":[{"href":"https:\/\/www.covatalladadenia.com\/fr\/wp-json\/wp\/v2\/types\/page"}],"author":[{"embeddable":true,"href":"https:\/\/www.covatalladadenia.com\/fr\/wp-json\/wp\/v2\/users\/1"}],"replies":[{"embeddable":true,"href":"https:\/\/www.covatalladadenia.com\/fr\/wp-json\/wp\/v2\/comments?post=1010"}],"version-history":[{"count":2,"href":"https:\/\/www.covatalladadenia.com\/fr\/wp-json\/wp\/v2\/pages\/1010\/revisions"}],"predecessor-version":[{"id":1012,"href":"https:\/\/www.covatalladadenia.com\/fr\/wp-json\/wp\/v2\/pages\/1010\/revisions\/1012"}],"wp:attachment":[{"href":"https:\/\/www.covatalladadenia.com\/fr\/wp-json\/wp\/v2\/media?parent=1010"}],"curies":[{"name":"wp","href":"https:\/\/api.w.org\/{rel}","templated":true}]}}