{"id":1058,"date":"2020-11-23T13:23:02","date_gmt":"2020-11-23T12:23:02","guid":{"rendered":"https:\/\/www.covatalladadenia.com\/cova-tallada-mit-kindern\/"},"modified":"2024-07-23T11:21:13","modified_gmt":"2024-07-23T09:21:13","slug":"cova-tallada-mit-kindern","status":"publish","type":"page","link":"https:\/\/www.covatalladadenia.com\/de\/cova-tallada-mit-kindern\/","title":{"rendered":"Cova Tallada mit Kindern"},"content":{"rendered":"<p>[vc_row][vc_column][vc_column_text]<span style=\"font-weight: 400;\">Ein Besuch der Cova Tallada mit Kindern ist eines der besten Dinge, die Sie tun k\u00f6nnen, wenn Sie Denia, Javea oder die Umgebung besuchen. Es ist ein spektakul\u00e4rer Ausflug, sowohl Sie als auch die Kinder werden den Ort, der die Cova Tallada verbirgt, nie vergessen. <\/span><\/p>\n<p><span style=\"font-weight: 400;\">Die Cova Tallada ist eine Grotte, die von Menschen ausgeh\u00f6hlt wurde, die im XII. bis XIV. Jahrhundert dieses Gebiet als Steinbruch nutzten<\/span>,<span style=\"font-weight: 400;\"> um die rohen Steine und Felsen zu gewinnen<\/span><b>, die sp\u00e4ter f\u00fcr die ber\u00fchmte Burg von Denia verwendet wurden.<\/b> <span style=\"font-weight: 400;\">oder die Basilika von San Bartolom\u00e9 in J\u00e1vea. Dieser Rohstein wurde von Hand abgebaut, auf Boote verladen und zum Hafen von Denia oder J\u00e1vea transportiert, wo er dann in das Gebiet gebracht wurde, in dem die emblematischen Geb\u00e4ude errichtet wurden. <\/span><\/p>\n<p>&nbsp;<\/p>\n<h2><b>Tipps f\u00fcr den Besuch der Cova Tallada mit Kindern<\/b><\/h2>\n<p><span style=\"font-weight: 400;\">Die Cova Tallada befindet sich am Fu\u00dfe des Naturparks Montg\u00f3, bewacht vom Torre del Gerro und ausgegraben im Meeresschutzgebiet Cabo de Sant Antoni. Ihre Lage macht den Zugang etwas kompliziert, denn es handelt sich um einen Bergpfad mit einigen schwierigen Abschnitten. Aus diesem Grund wird empfohlen, die H\u00f6hle mit Kindern \u00fcber 10 Jahren und\/oder mit Erfahrung in Bergwanderungen zu besuchen.  <\/span><\/p>\n<p><span style=\"font-weight: 400;\">Au\u00dferdem ist es notwendig, die Strecke (die Strecke vom Start bis zur Ankunft in der Cova Tallada ist etwa 1 km lang) mit geeignetem Schuhwerk f\u00fcr Bergstrecken, bequemer Kleidung und Wasser zu gehen.<\/span><\/p>\n<p>&nbsp;<\/p>\n<h2><b>Zugang zur Cova Tallada mit Kindern<\/b><\/h2>\n<p>[\/vc_column_text][\/vc_column][\/vc_row][vc_row][vc_column width=&#8220;1\/2&#8243;][vc_single_image image=&#8220;313&#8243; img_size=&#8220;full&#8220; alignment=&#8220;center&#8220;][\/vc_column][vc_column width=&#8220;1\/2&#8243;][vc_column_text]<span style=\"font-weight: 400;\">Der Zugang zur H\u00f6hle mit Kindern ist derselbe wie der Rest, denn es gibt nur einen Weg zur H\u00f6hle selbst. Wie bereits im vorigen Abschnitt erw\u00e4hnt, handelt es sich um einen etwa 1 km langen Bergpfad mit einigen gef\u00e4hrlichen Abschnitten, da die Gefahr von Erdrutschen besteht und man sich an Ketten festhalten muss, um diesen Abschnitt zu \u00fcberqueren. <\/span><\/p>\n<p><span style=\"font-weight: 400; font-size: 8pt;\">* Foto Eigentum von viajamosjuntos.net<\/span>[\/vc_column_text][\/vc_column][\/vc_row][vc_row][vc_column][vc_column_text]<\/p>\n<h3><b>Wo kann man mit Kindern \u00fcbernachten, wenn man die Cova Tallada besucht?<\/b><\/h3>\n<p><span style=\"font-weight: 400;\">La Cova Tallada liegt an der Grenze zwischen D\u00e9nia und J\u00e1vea, weshalb es in der Gegend eine gro\u00dfe Auswahl an Unterk\u00fcnften zum Schlafen mit Kindern gibt. Es gibt Hotels, Herbergen, Chalets, Landh\u00e4user, Wohnungen und viele andere M\u00f6glichkeiten. <\/span>[\/vc_column_text][\/vc_column][\/vc_row][vc_row][vc_column]<div id=\"ultimate-heading-619569e7388fa3a15\" class=\"uvc-heading ult-adjust-bottom-margin ultimate-heading-619569e7388fa3a15 uvc-1789  uvc-heading-default-font-sizes\" data-hspacer=\"no_spacer\"  data-halign=\"center\" style=\"text-align:center\"><div class=\"uvc-heading-spacer no_spacer\" style=\"top\"><\/div><div class=\"uvc-main-heading ult-responsive\"  data-ultimate-target='.uvc-heading.ultimate-heading-619569e7388fa3a15 h2'  data-responsive-json-new='{\"font-size\":\"\",\"line-height\":\"\"}' ><h2 style=\"--font-weight:theme;\">Andere Aktivit\u00e4ten in der Cova Tallada<\/h2><\/div><\/div>[\/vc_column][\/vc_row][vc_row][vc_column width=&#8220;1\/3&#8243;][vc_single_image image=&#8220;562&#8243; img_size=&#8220;full&#8220; alignment=&#8220;center&#8220; onclick=&#8220;custom_link&#8220; link=&#8220;https:\/\/marinalia.es\/deporte-y-aventura\/excursiones-en-el-mar\/excursiones-en-barco\/1099-tour-barco-cova-tallada-con-comida.html&#8220;][\/vc_column][vc_column width=&#8220;1\/3&#8243;][vc_single_image image=&#8220;561&#8243; img_size=&#8220;full&#8220; alignment=&#8220;center&#8220; onclick=&#8220;custom_link&#8220; link=&#8220;https:\/\/marinalia.es\/deporte-y-aventura\/excursiones-en-el-mar\/atardecer-barco\/1098-atardecer-en-barco-a-la-cova-tallada.html&#8220;][\/vc_column][vc_column width=&#8220;1\/3&#8243;][vc_single_image image=&#8220;560&#8243; img_size=&#8220;full&#8220; alignment=&#8220;center&#8220; onclick=&#8220;custom_link&#8220; link=&#8220;https:\/\/marinalia.es\/actividades-denia\/cova-tallada\/1061-visita-a-la-cova-tallada-en-barco.html&#8220;][\/vc_column][\/vc_row]<\/p>\n","protected":false},"excerpt":{"rendered":"<p>[vc_row][vc_column][vc_column_text]Ein Besuch der Cova Tallada mit Kindern ist eines der besten Dinge, die Sie tun k\u00f6nnen, wenn Sie Denia, Javea oder die Umgebung besuchen. Es ist ein spektakul\u00e4rer Ausflug, sowohl Sie als auch die Kinder werden den Ort, der die Cova Tallada verbirgt, nie vergessen. Die Cova Tallada ist eine Grotte, die von Menschen ausgeh\u00f6hlt&hellip;<\/p>\n","protected":false},"author":1,"featured_media":0,"parent":0,"menu_order":0,"comment_status":"closed","ping_status":"closed","template":"","meta":{"_joinchat":[]},"class_list":["post-1058","page","type-page","status-publish","hentry","description-off"],"_links":{"self":[{"href":"https:\/\/www.covatalladadenia.com\/de\/wp-json\/wp\/v2\/pages\/1058","targetHints":{"allow":["GET"]}}],"collection":[{"href":"https:\/\/www.covatalladadenia.com\/de\/wp-json\/wp\/v2\/pages"}],"about":[{"href":"https:\/\/www.covatalladadenia.com\/de\/wp-json\/wp\/v2\/types\/page"}],"author":[{"embeddable":true,"href":"https:\/\/www.covatalladadenia.com\/de\/wp-json\/wp\/v2\/users\/1"}],"replies":[{"embeddable":true,"href":"https:\/\/www.covatalladadenia.com\/de\/wp-json\/wp\/v2\/comments?post=1058"}],"version-history":[{"count":2,"href":"https:\/\/www.covatalladadenia.com\/de\/wp-json\/wp\/v2\/pages\/1058\/revisions"}],"predecessor-version":[{"id":1060,"href":"https:\/\/www.covatalladadenia.com\/de\/wp-json\/wp\/v2\/pages\/1058\/revisions\/1060"}],"wp:attachment":[{"href":"https:\/\/www.covatalladadenia.com\/de\/wp-json\/wp\/v2\/media?parent=1058"}],"curies":[{"name":"wp","href":"https:\/\/api.w.org\/{rel}","templated":true}]}}